{"id":2321,"date":"2023-10-28T22:29:18","date_gmt":"2023-10-28T22:29:18","guid":{"rendered":"https:\/\/bug-ev.de\/?page_id=2321"},"modified":"2023-11-01T17:50:56","modified_gmt":"2023-11-01T17:50:56","slug":"psychologische-beratung","status":"publish","type":"page","link":"https:\/\/bug-ev.de\/ua\/taetigkeit\/psychologische-beratung\/","title":{"rendered":"\u041f\u0441\u0438\u0445\u043e\u043b\u043e\u0433\u0456\u0447\u043d\u0435 \u043a\u043e\u043d\u0441\u0443\u043b\u044c\u0442\u0443\u0432\u0430\u043d\u043d\u044f"},"content":{"rendered":"<div data-elementor-type=\"wp-page\" data-elementor-id=\"2321\" class=\"elementor elementor-2321\">\n\t\t\t\t\t\t<section class=\"elementor-section elementor-top-section elementor-element elementor-element-3c2dd397 elementor-section-boxed elementor-section-height-default elementor-section-height-default\" data-id=\"3c2dd397\" data-element_type=\"section\" data-e-type=\"section\">\n\t\t\t\t\t\t<div class=\"elementor-container elementor-column-gap-default\">\n\t\t\t\t\t<div class=\"elementor-column elementor-col-100 elementor-top-column elementor-element elementor-element-4fa01a25\" data-id=\"4fa01a25\" data-element_type=\"column\" data-e-type=\"column\">\n\t\t\t<div class=\"elementor-widget-wrap elementor-element-populated\">\n\t\t\t\t\t\t<div class=\"elementor-element elementor-element-460033e elementor-widget elementor-widget-spacer\" data-id=\"460033e\" data-element_type=\"widget\" data-e-type=\"widget\" data-widget_type=\"spacer.default\">\n\t\t\t\t<div class=\"elementor-widget-container\">\n\t\t\t\t\t\t\t<div class=\"elementor-spacer\">\n\t\t\t<div class=\"elementor-spacer-inner\"><\/div>\n\t\t<\/div>\n\t\t\t\t\t\t<\/div>\n\t\t\t\t<\/div>\n\t\t\t\t\t<\/div>\n\t\t<\/div>\n\t\t\t\t\t<\/div>\n\t\t<\/section>\n\t\t\t\t<section class=\"elementor-section elementor-top-section elementor-element elementor-element-270eb81e elementor-section-boxed elementor-section-height-default elementor-section-height-default\" data-id=\"270eb81e\" data-element_type=\"section\" data-e-type=\"section\">\n\t\t\t\t\t\t<div class=\"elementor-container elementor-column-gap-default\">\n\t\t\t\t\t<div class=\"elementor-column elementor-col-100 elementor-top-column elementor-element elementor-element-58b81162\" data-id=\"58b81162\" data-element_type=\"column\" data-e-type=\"column\">\n\t\t\t<div class=\"elementor-widget-wrap elementor-element-populated\">\n\t\t\t\t\t\t<div class=\"elementor-element elementor-element-4508cbf2 elementor-widget elementor-widget-heading\" data-id=\"4508cbf2\" data-element_type=\"widget\" data-e-type=\"widget\" data-widget_type=\"heading.default\">\n\t\t\t\t<div class=\"elementor-widget-container\">\n\t\t\t\t\t<h2 class=\"elementor-heading-title elementor-size-default\">\u041f\u0441\u0438\u0445\u043e\u043b\u043e\u0433\u0456\u0447\u043d\u0435 \u043a\u043e\u043d\u0441\u0443\u043b\u044c\u0442\u0443\u0432\u0430\u043d\u043d\u044f<\/h2>\t\t\t\t<\/div>\n\t\t\t\t<\/div>\n\t\t\t\t\t<\/div>\n\t\t<\/div>\n\t\t\t\t\t<\/div>\n\t\t<\/section>\n\t\t\t\t<section class=\"elementor-section elementor-top-section elementor-element elementor-element-7e5d71de elementor-section-boxed elementor-section-height-default elementor-section-height-default\" data-id=\"7e5d71de\" data-element_type=\"section\" data-e-type=\"section\">\n\t\t\t\t\t\t<div class=\"elementor-container elementor-column-gap-default\">\n\t\t\t\t\t<div class=\"elementor-column elementor-col-100 elementor-top-column elementor-element elementor-element-579f0c8\" data-id=\"579f0c8\" data-element_type=\"column\" data-e-type=\"column\">\n\t\t\t<div class=\"elementor-widget-wrap elementor-element-populated\">\n\t\t\t\t\t\t<div class=\"elementor-element elementor-element-59ac5407 elementor-widget elementor-widget-image\" data-id=\"59ac5407\" data-element_type=\"widget\" data-e-type=\"widget\" data-widget_type=\"image.default\">\n\t\t\t\t<div class=\"elementor-widget-container\">\n\t\t\t\t\t\t\t\t\t\t\t\t\t\t\t<img fetchpriority=\"high\" decoding=\"async\" width=\"768\" height=\"568\" src=\"https:\/\/bug-ev.de\/wp-content\/uploads\/2023\/10\/IMG_1C359C6D09A4-1-768x568.jpeg\" class=\"attachment-medium_large size-medium_large wp-image-2289\" alt=\"\" srcset=\"https:\/\/bug-ev.de\/wp-content\/uploads\/2023\/10\/IMG_1C359C6D09A4-1-768x568.jpeg 768w, https:\/\/bug-ev.de\/wp-content\/uploads\/2023\/10\/IMG_1C359C6D09A4-1-300x222.jpeg 300w, https:\/\/bug-ev.de\/wp-content\/uploads\/2023\/10\/IMG_1C359C6D09A4-1-1024x757.jpeg 1024w, https:\/\/bug-ev.de\/wp-content\/uploads\/2023\/10\/IMG_1C359C6D09A4-1-16x12.jpeg 16w, https:\/\/bug-ev.de\/wp-content\/uploads\/2023\/10\/IMG_1C359C6D09A4-1.jpeg 1163w\" sizes=\"(max-width: 768px) 100vw, 768px\" \/>\t\t\t\t\t\t\t\t\t\t\t\t\t\t\t<\/div>\n\t\t\t\t<\/div>\n\t\t\t\t<div class=\"elementor-element elementor-element-2e4f553b elementor-widget elementor-widget-text-editor\" data-id=\"2e4f553b\" data-element_type=\"widget\" data-e-type=\"widget\" data-widget_type=\"text-editor.default\">\n\t\t\t\t<div class=\"elementor-widget-container\">\n\t\t\t\t\t\t\t\t\t<p>Wir unterst\u00fctzen die Gefl\u00fcchteten psychologisch und bieten Beratungen an im Rahmen des Projektes &#8222;Dich treffen&#8220;. Unter den Bedingungen der Kriegsereignisse in der Ukraine brauchen viele Gefl\u00fcchtete Ukrainerinnen und Ukrainer st\u00e4ndige psychologische Unterst\u00fctzung. Im Zuge der Einwanderung nach Deutschland mussten viele Ukrainische B\u00fcrgerinnen und B\u00fcrger sich zahlreichen neuen Lebensbedingungen in Deutschland stellen. Die regelm\u00e4\u00dfigen Treffen unseren Psychologinnen Olesia Karpova und Irene K\u00f6nig helfen sowohl Erwachsenen als auch Kindern ihren emotionalen Zustand zu stabilisieren und dem Leben unter den gegenw\u00e4rtigen Herausforderungen eine neue Perspektive zu geben. Unsere Psychologinnen bilden sich fort und besuchen lokale Weiterbildungsangebote.<\/p><p><br><\/p><p>Bei Interesse kontaktieren Sie uns bitte \u00fcber unser Kontaktformular oder setzen Sie sich mit Frau K\u00f6nig unter +49 176 63855406 in Verbindung.<\/p>\t\t\t\t\t\t\t\t<\/div>\n\t\t\t\t<\/div>\n\t\t\t\t\t<\/div>\n\t\t<\/div>\n\t\t\t\t\t<\/div>\n\t\t<\/section>\n\t\t\t\t<section class=\"elementor-section elementor-top-section elementor-element elementor-element-32c3c2bc elementor-section-boxed elementor-section-height-default elementor-section-height-default\" data-id=\"32c3c2bc\" data-element_type=\"section\" data-e-type=\"section\">\n\t\t\t\t\t\t<div class=\"elementor-container elementor-column-gap-default\">\n\t\t\t\t\t<div class=\"elementor-column elementor-col-50 elementor-top-column elementor-element elementor-element-62bde3f3\" data-id=\"62bde3f3\" data-element_type=\"column\" data-e-type=\"column\">\n\t\t\t<div class=\"elementor-widget-wrap elementor-element-populated\">\n\t\t\t\t\t\t<section class=\"elementor-section elementor-inner-section elementor-element elementor-element-14304527 elementor-section-boxed elementor-section-height-default elementor-section-height-default\" data-id=\"14304527\" data-element_type=\"section\" data-e-type=\"section\">\n\t\t\t\t\t\t<div class=\"elementor-container elementor-column-gap-default\">\n\t\t\t\t\t<div class=\"elementor-column elementor-col-100 elementor-inner-column elementor-element elementor-element-4f50772e\" data-id=\"4f50772e\" data-element_type=\"column\" data-e-type=\"column\">\n\t\t\t<div class=\"elementor-widget-wrap elementor-element-populated\">\n\t\t\t\t\t\t<div class=\"elementor-element elementor-element-77eff8d7 elementor-widget elementor-widget-image\" data-id=\"77eff8d7\" data-element_type=\"widget\" data-e-type=\"widget\" data-widget_type=\"image.default\">\n\t\t\t\t<div class=\"elementor-widget-container\">\n\t\t\t\t\t\t\t\t\t\t\t\t\t\t\t<img decoding=\"async\" width=\"1170\" height=\"2070\" src=\"https:\/\/bug-ev.de\/wp-content\/uploads\/2023\/10\/IMG_EB83A7A1B340-1.jpeg\" class=\"attachment-full size-full wp-image-2287\" alt=\"\" srcset=\"https:\/\/bug-ev.de\/wp-content\/uploads\/2023\/10\/IMG_EB83A7A1B340-1.jpeg 1170w, https:\/\/bug-ev.de\/wp-content\/uploads\/2023\/10\/IMG_EB83A7A1B340-1-170x300.jpeg 170w, https:\/\/bug-ev.de\/wp-content\/uploads\/2023\/10\/IMG_EB83A7A1B340-1-579x1024.jpeg 579w, https:\/\/bug-ev.de\/wp-content\/uploads\/2023\/10\/IMG_EB83A7A1B340-1-768x1359.jpeg 768w, https:\/\/bug-ev.de\/wp-content\/uploads\/2023\/10\/IMG_EB83A7A1B340-1-868x1536.jpeg 868w, https:\/\/bug-ev.de\/wp-content\/uploads\/2023\/10\/IMG_EB83A7A1B340-1-1158x2048.jpeg 1158w, https:\/\/bug-ev.de\/wp-content\/uploads\/2023\/10\/IMG_EB83A7A1B340-1-7x12.jpeg 7w\" sizes=\"(max-width: 1170px) 100vw, 1170px\" \/>\t\t\t\t\t\t\t\t\t\t\t\t\t\t\t<\/div>\n\t\t\t\t<\/div>\n\t\t\t\t\t<\/div>\n\t\t<\/div>\n\t\t\t\t\t<\/div>\n\t\t<\/section>\n\t\t\t\t\t<\/div>\n\t\t<\/div>\n\t\t\t\t<div class=\"elementor-column elementor-col-50 elementor-top-column elementor-element elementor-element-7a10b104\" data-id=\"7a10b104\" data-element_type=\"column\" data-e-type=\"column\">\n\t\t\t<div class=\"elementor-widget-wrap elementor-element-populated\">\n\t\t\t\t\t\t<div class=\"elementor-element elementor-element-3a0d15a6 elementor-widget elementor-widget-image\" data-id=\"3a0d15a6\" data-element_type=\"widget\" data-e-type=\"widget\" data-widget_type=\"image.default\">\n\t\t\t\t<div class=\"elementor-widget-container\">\n\t\t\t\t\t\t\t\t\t\t\t\t\t\t\t<img decoding=\"async\" width=\"696\" height=\"1024\" src=\"https:\/\/bug-ev.de\/wp-content\/uploads\/2023\/10\/IMG_EE8FDF72EE34-1-696x1024.jpeg\" class=\"attachment-large size-large wp-image-2288\" alt=\"\" srcset=\"https:\/\/bug-ev.de\/wp-content\/uploads\/2023\/10\/IMG_EE8FDF72EE34-1-696x1024.jpeg 696w, https:\/\/bug-ev.de\/wp-content\/uploads\/2023\/10\/IMG_EE8FDF72EE34-1-204x300.jpeg 204w, https:\/\/bug-ev.de\/wp-content\/uploads\/2023\/10\/IMG_EE8FDF72EE34-1-768x1129.jpeg 768w, https:\/\/bug-ev.de\/wp-content\/uploads\/2023\/10\/IMG_EE8FDF72EE34-1-8x12.jpeg 8w, https:\/\/bug-ev.de\/wp-content\/uploads\/2023\/10\/IMG_EE8FDF72EE34-1.jpeg 995w\" sizes=\"(max-width: 696px) 100vw, 696px\" \/>\t\t\t\t\t\t\t\t\t\t\t\t\t\t\t<\/div>\n\t\t\t\t<\/div>\n\t\t\t\t\t<\/div>\n\t\t<\/div>\n\t\t\t\t\t<\/div>\n\t\t<\/section>\n\t\t\t\t<\/div>","protected":false},"excerpt":{"rendered":"<p>Psychologische Beratung Wir unterst\u00fctzen die Gefl\u00fcchteten psychologisch und bieten Beratungen an im Rahmen des Projektes &#8222;Dich treffen&#8220;. Unter den Bedingungen der Kriegsereignisse in der Ukraine brauchen viele Gefl\u00fcchtete Ukrainerinnen und Ukrainer st\u00e4ndige psychologische Unterst\u00fctzung. Im Zuge der Einwanderung nach Deutschland mussten viele Ukrainische B\u00fcrgerinnen und B\u00fcrger sich zahlreichen neuen Lebensbedingungen in Deutschland stellen. Die regelm\u00e4\u00dfigen [&hellip;]<\/p>\n","protected":false},"author":1,"featured_media":0,"parent":1929,"menu_order":0,"comment_status":"closed","ping_status":"closed","template":"","meta":{"_monsterinsights_skip_tracking":false,"_monsterinsights_sitenote_active":false,"_monsterinsights_sitenote_note":"","_monsterinsights_sitenote_category":0,"site-sidebar-layout":"no-sidebar","site-content-layout":"page-builder","ast-site-content-layout":"full-width-container","site-content-style":"default","site-sidebar-style":"default","ast-global-header-display":"","ast-banner-title-visibility":"","ast-main-header-display":"","ast-hfb-above-header-display":"","ast-hfb-below-header-display":"","ast-hfb-mobile-header-display":"","site-post-title":"disabled","ast-breadcrumbs-content":"","ast-featured-img":"disabled","footer-sml-layout":"","ast-disable-related-posts":"","theme-transparent-header-meta":"","adv-header-id-meta":"","stick-header-meta":"","header-above-stick-meta":"","header-main-stick-meta":"","header-below-stick-meta":"","astra-migrate-meta-layouts":"default","ast-page-background-enabled":"default","ast-page-background-meta":{"desktop":{"background-color":"var(--ast-global-color-4)","background-image":"","background-repeat":"repeat","background-position":"center center","background-size":"auto","background-attachment":"scroll","background-type":"","background-media":"","overlay-type":"","overlay-color":"","overlay-opacity":"","overlay-gradient":""},"tablet":{"background-color":"","background-image":"","background-repeat":"repeat","background-position":"center center","background-size":"auto","background-attachment":"scroll","background-type":"","background-media":"","overlay-type":"","overlay-color":"","overlay-opacity":"","overlay-gradient":""},"mobile":{"background-color":"","background-image":"","background-repeat":"repeat","background-position":"center center","background-size":"auto","background-attachment":"scroll","background-type":"","background-media":"","overlay-type":"","overlay-color":"","overlay-opacity":"","overlay-gradient":""}},"ast-content-background-meta":{"desktop":{"background-color":"var(--ast-global-color-5)","background-image":"","background-repeat":"repeat","background-position":"center center","background-size":"auto","background-attachment":"scroll","background-type":"","background-media":"","overlay-type":"","overlay-color":"","overlay-opacity":"","overlay-gradient":""},"tablet":{"background-color":"var(--ast-global-color-5)","background-image":"","background-repeat":"repeat","background-position":"center center","background-size":"auto","background-attachment":"scroll","background-type":"","background-media":"","overlay-type":"","overlay-color":"","overlay-opacity":"","overlay-gradient":""},"mobile":{"background-color":"var(--ast-global-color-5)","background-image":"","background-repeat":"repeat","background-position":"center center","background-size":"auto","background-attachment":"scroll","background-type":"","background-media":"","overlay-type":"","overlay-color":"","overlay-opacity":"","overlay-gradient":""}},"footnotes":""},"class_list":["post-2321","page","type-page","status-publish","hentry"],"aioseo_notices":[],"_links":{"self":[{"href":"https:\/\/bug-ev.de\/ua\/wp-json\/wp\/v2\/pages\/2321","targetHints":{"allow":["GET"]}}],"collection":[{"href":"https:\/\/bug-ev.de\/ua\/wp-json\/wp\/v2\/pages"}],"about":[{"href":"https:\/\/bug-ev.de\/ua\/wp-json\/wp\/v2\/types\/page"}],"author":[{"embeddable":true,"href":"https:\/\/bug-ev.de\/ua\/wp-json\/wp\/v2\/users\/1"}],"replies":[{"embeddable":true,"href":"https:\/\/bug-ev.de\/ua\/wp-json\/wp\/v2\/comments?post=2321"}],"version-history":[{"count":4,"href":"https:\/\/bug-ev.de\/ua\/wp-json\/wp\/v2\/pages\/2321\/revisions"}],"predecessor-version":[{"id":2418,"href":"https:\/\/bug-ev.de\/ua\/wp-json\/wp\/v2\/pages\/2321\/revisions\/2418"}],"up":[{"embeddable":true,"href":"https:\/\/bug-ev.de\/ua\/wp-json\/wp\/v2\/pages\/1929"}],"wp:attachment":[{"href":"https:\/\/bug-ev.de\/ua\/wp-json\/wp\/v2\/media?parent=2321"}],"curies":[{"name":"wp","href":"https:\/\/api.w.org\/{rel}","templated":true}]}}