{"id":1933,"date":"2023-08-08T19:25:30","date_gmt":"2023-08-08T19:25:30","guid":{"rendered":"https:\/\/bug-ev.de\/?page_id=1933"},"modified":"2023-08-19T11:12:52","modified_gmt":"2023-08-19T11:12:52","slug":"fur-sponsoren","status":"publish","type":"page","link":"https:\/\/bug-ev.de\/ua\/fur-sponsoren\/","title":{"rendered":"\u0414\u043b\u044f \u0441\u043f\u043e\u043d\u0441\u043e\u0440\u0456\u0432"},"content":{"rendered":"<div data-elementor-type=\"wp-page\" data-elementor-id=\"1933\" class=\"elementor elementor-1933\">\n\t\t\t\t\t\t<section class=\"elementor-section elementor-top-section elementor-element elementor-element-c56fb42 elementor-section-boxed elementor-section-height-default elementor-section-height-default\" data-id=\"c56fb42\" data-element_type=\"section\" data-e-type=\"section\">\n\t\t\t\t\t\t<div class=\"elementor-container elementor-column-gap-default\">\n\t\t\t\t\t<div class=\"elementor-column elementor-col-100 elementor-top-column elementor-element elementor-element-c23e6ec\" data-id=\"c23e6ec\" data-element_type=\"column\" data-e-type=\"column\">\n\t\t\t<div class=\"elementor-widget-wrap elementor-element-populated\">\n\t\t\t\t\t\t<div class=\"elementor-element elementor-element-5b35293 elementor-widget elementor-widget-spacer\" data-id=\"5b35293\" data-element_type=\"widget\" data-e-type=\"widget\" data-widget_type=\"spacer.default\">\n\t\t\t\t<div class=\"elementor-widget-container\">\n\t\t\t\t\t\t\t<div class=\"elementor-spacer\">\n\t\t\t<div class=\"elementor-spacer-inner\"><\/div>\n\t\t<\/div>\n\t\t\t\t\t\t<\/div>\n\t\t\t\t<\/div>\n\t\t\t\t\t<\/div>\n\t\t<\/div>\n\t\t\t\t\t<\/div>\n\t\t<\/section>\n\t\t\t\t<section class=\"elementor-section elementor-top-section elementor-element elementor-element-837953e elementor-section-boxed elementor-section-height-default elementor-section-height-default\" data-id=\"837953e\" data-element_type=\"section\" data-e-type=\"section\">\n\t\t\t\t\t\t<div class=\"elementor-container elementor-column-gap-default\">\n\t\t\t\t\t<div class=\"elementor-column elementor-col-100 elementor-top-column elementor-element elementor-element-b9681e7\" data-id=\"b9681e7\" data-element_type=\"column\" data-e-type=\"column\">\n\t\t\t<div class=\"elementor-widget-wrap elementor-element-populated\">\n\t\t\t\t\t\t<div class=\"elementor-element elementor-element-2012db7 elementor-widget elementor-widget-heading\" data-id=\"2012db7\" data-element_type=\"widget\" data-e-type=\"widget\" data-widget_type=\"heading.default\">\n\t\t\t\t<div class=\"elementor-widget-container\">\n\t\t\t\t\t<h1 class=\"elementor-heading-title elementor-size-default\">\u042f\u043a \u043d\u0430\u0441 \u043f\u0456\u0434\u0442\u0440\u0438\u043c\u0430\u0442\u0438?<\/h1>\t\t\t\t<\/div>\n\t\t\t\t<\/div>\n\t\t\t\t<div class=\"elementor-element elementor-element-4acfaf6 elementor-view-default elementor-widget elementor-widget-icon\" data-id=\"4acfaf6\" data-element_type=\"widget\" data-e-type=\"widget\" data-widget_type=\"icon.default\">\n\t\t\t\t<div class=\"elementor-widget-container\">\n\t\t\t\t\t\t\t<div class=\"elementor-icon-wrapper\">\n\t\t\t<div class=\"elementor-icon\">\n\t\t\t<i aria-hidden=\"true\" class=\"fas fa-hands-helping\"><\/i>\t\t\t<\/div>\n\t\t<\/div>\n\t\t\t\t\t\t<\/div>\n\t\t\t\t<\/div>\n\t\t\t\t\t<\/div>\n\t\t<\/div>\n\t\t\t\t\t<\/div>\n\t\t<\/section>\n\t\t\t\t<section class=\"elementor-section elementor-top-section elementor-element elementor-element-ca7a541 elementor-section-boxed elementor-section-height-default elementor-section-height-default\" data-id=\"ca7a541\" data-element_type=\"section\" data-e-type=\"section\">\n\t\t\t\t\t\t<div class=\"elementor-container elementor-column-gap-default\">\n\t\t\t\t\t<div class=\"elementor-column elementor-col-100 elementor-top-column elementor-element elementor-element-7ac38bb\" data-id=\"7ac38bb\" data-element_type=\"column\" data-e-type=\"column\">\n\t\t\t<div class=\"elementor-widget-wrap elementor-element-populated\">\n\t\t\t\t\t\t<section class=\"elementor-section elementor-inner-section elementor-element elementor-element-2b3409f elementor-section-boxed elementor-section-height-default elementor-section-height-default\" data-id=\"2b3409f\" data-element_type=\"section\" data-e-type=\"section\">\n\t\t\t\t\t\t<div class=\"elementor-container elementor-column-gap-default\">\n\t\t\t\t\t<div class=\"elementor-column elementor-col-50 elementor-inner-column elementor-element elementor-element-565b86f\" data-id=\"565b86f\" data-element_type=\"column\" data-e-type=\"column\">\n\t\t\t<div class=\"elementor-widget-wrap elementor-element-populated\">\n\t\t\t\t\t\t<div class=\"elementor-element elementor-element-12893b5 elementor-widget elementor-widget-heading\" data-id=\"12893b5\" data-element_type=\"widget\" data-e-type=\"widget\" data-widget_type=\"heading.default\">\n\t\t\t\t<div class=\"elementor-widget-container\">\n\t\t\t\t\t<h2 class=\"elementor-heading-title elementor-size-default\">\u0420\u0435\u0447\u043e\u0432\u0456 \u043f\u043e\u0436\u0435\u0440\u0442\u0432\u0438<\/h2>\t\t\t\t<\/div>\n\t\t\t\t<\/div>\n\t\t\t\t<div class=\"elementor-element elementor-element-14e8866 elementor-widget elementor-widget-text-editor\" data-id=\"14e8866\" data-element_type=\"widget\" data-e-type=\"widget\" data-widget_type=\"text-editor.default\">\n\t\t\t\t<div class=\"elementor-widget-container\">\n\t\t\t\t\t\t\t\t\t<ul><li>\u0422\u0430\u0431\u043b\u0435\u0442\u043a\u0438 \u0434\u043b\u044f \u043e\u0447\u0438\u0449\u0435\u043d\u043d\u044f \u0432\u043e\u0434\u0438<\/li><li>\u0424\u0456\u043b\u044c\u0442\u0440 \u0434\u043b\u044f \u0432\u043e\u0434\u0438<\/li><li>\u041b\u0456\u043a\u0438<\/li><li>\u0421\u043f\u0440\u0435\u0439 \u0432\u0456\u0434 \u043a\u043e\u043c\u0430\u0440\u0456\u0432 \u0442\u0430 \u043a\u043b\u0456\u0449\u0456\u0432<\/li><li>\u041f\u0440\u043e\u0434\u0443\u043a\u0442\u0438 \u0445\u0430\u0440\u0447\u0443\u0432\u0430\u043d\u043d\u044f (\u0431\u0435\u0437 \u043c\u0430\u043a\u0430\u0440\u043e\u043d\u0456\u0432 \u0442\u0430 \u043a\u0440\u0443\u043f), \u0433\u043e\u0442\u043e\u0432\u0456 \u0441\u0442\u0440\u0430\u0432\u0438<\/li><li>\u041f\u043e\u0431\u0443\u0442\u043e\u0432\u0430 \u0445\u0456\u043c\u0456\u044f<\/li><li>\u0417\u0430\u0441\u043e\u0431\u0438 \u0433\u0456\u0433\u0456\u0454\u043d\u0438<\/li><li>\u0412\u043e\u043b\u043e\u0433\u0456 \u0441\u0435\u0440\u0432\u0435\u0442\u043a\u0438<\/li><li>\u041f\u0456\u0434\u0433\u0443\u0437\u043a\u0438 \u0434\u043b\u044f \u0434\u043e\u0440\u043e\u0441\u043b\u0438\u0445<\/li><li>\u0414\u0438\u0442\u044f\u0447\u0456 \u043f\u0456\u0434\u0433\u0443\u0437\u043a\u0438 4+<\/li><li>\u041a\u043e\u0440\u043c\u0438 \u0434\u043b\u044f \u0434\u043e\u043c\u0430\u0448\u043d\u0456\u0445 \u0442\u0432\u0430\u0440\u0438\u043d<\/li><li>\u0415\u043b\u0435\u043a\u0442\u0440\u043e\u0433\u0435\u043d\u0435\u0440\u0430\u0442\u043e\u0440\u0438 (\u043c\u0430\u043b\u0435\u043d\u044c\u043a\u0456)<\/li><li>\u041f\u043e\u0441\u0442\u0456\u043b\u044c\u043d\u0430 \u0431\u0456\u043b\u0438\u0437\u043d\u0430<\/li><li>\u041b\u0456\u0445\u0442\u0430\u0440\u0456<\/li><li>\u0410\u043f\u0442\u0435\u0447\u043a\u0438 \u043f\u0435\u0440\u0448\u043e\u0457 \u0434\u043e\u043f\u043e\u043c\u043e\u0433\u0438<\/li><li>\u041a\u0435\u043c\u043f\u0456\u043d\u0433\u043e\u0432\u0456 \u043b\u0456\u0436\u043a\u0430 \/ \u0440\u043e\u0437\u043a\u043b\u0430\u0434\u0430\u0447\u043a\u0438<\/li><li>\u0421\u043f\u0430\u043b\u044c\u043d\u0456 \u043c\u0456\u0448\u043a\u0438<\/li><li>\u0414\u0438\u0442\u044f\u0447\u0438\u0439 \u043e\u0434\u044f\u0433 \u0442\u0430 \u0432\u0437\u0443\u0442\u0442\u044f<\/li><\/ul>\t\t\t\t\t\t\t\t<\/div>\n\t\t\t\t<\/div>\n\t\t\t\t<div class=\"elementor-element elementor-element-adaf1d0 elementor-widget elementor-widget-text-editor\" data-id=\"adaf1d0\" data-element_type=\"widget\" data-e-type=\"widget\" data-widget_type=\"text-editor.default\">\n\t\t\t\t<div class=\"elementor-widget-container\">\n\t\t\t\t\t\t\t\t\t<p>\u042f\u043a\u0449\u043e \u0432\u0438 \u0437\u0430\u0446\u0456\u043a\u0430\u0432\u043b\u0435\u043d\u0456 \u0432 \u0440\u0435\u0447\u043e\u0432\u0456 \u043f\u043e\u0436\u0435\u0440\u0442\u0432\u0456, \u0431\u0443\u0434\u044c \u043b\u0430\u0441\u043a\u0430, \u0437\u0432'\u044f\u0436\u0456\u0442\u044c\u0441\u044f \u0437 \u043d\u0430\u043c\u0438.<\/p>\t\t\t\t\t\t\t\t<\/div>\n\t\t\t\t<\/div>\n\t\t\t\t<div class=\"elementor-element elementor-element-26490ab elementor-widget elementor-widget-button\" data-id=\"26490ab\" data-element_type=\"widget\" data-e-type=\"widget\" data-widget_type=\"button.default\">\n\t\t\t\t<div class=\"elementor-widget-container\">\n\t\t\t\t\t\t\t\t\t<div class=\"elementor-button-wrapper\">\n\t\t\t\t\t<a class=\"elementor-button elementor-button-link elementor-size-sm\" href=\"https:\/\/bug-ev.de\/ua\/contact\/\">\n\t\t\t\t\t\t<span class=\"elementor-button-content-wrapper\">\n\t\t\t\t\t\t\t\t\t<span class=\"elementor-button-text\">\u041a\u043e\u043d\u0442\u0430\u043a\u0442<\/span>\n\t\t\t\t\t<\/span>\n\t\t\t\t\t<\/a>\n\t\t\t\t<\/div>\n\t\t\t\t\t\t\t\t<\/div>\n\t\t\t\t<\/div>\n\t\t\t\t\t<\/div>\n\t\t<\/div>\n\t\t\t\t<div class=\"elementor-column elementor-col-50 elementor-inner-column elementor-element elementor-element-a3dd767\" data-id=\"a3dd767\" data-element_type=\"column\" data-e-type=\"column\">\n\t\t\t<div class=\"elementor-widget-wrap elementor-element-populated\">\n\t\t\t\t\t\t<div class=\"elementor-element elementor-element-b2d9c5e elementor-widget elementor-widget-heading\" data-id=\"b2d9c5e\" data-element_type=\"widget\" data-e-type=\"widget\" data-widget_type=\"heading.default\">\n\t\t\t\t<div class=\"elementor-widget-container\">\n\t\t\t\t\t<h2 class=\"elementor-heading-title elementor-size-default\">\u0413\u0440\u043e\u0448\u043e\u0432\u0456 \u043f\u043e\u0436\u0435\u0440\u0442\u0432\u0438<\/h2>\t\t\t\t<\/div>\n\t\t\t\t<\/div>\n\t\t\t\t<div class=\"elementor-element elementor-element-ea845ac elementor-widget elementor-widget-text-editor\" data-id=\"ea845ac\" data-element_type=\"widget\" data-e-type=\"widget\" data-widget_type=\"text-editor.default\">\n\t\t\t\t<div class=\"elementor-widget-container\">\n\t\t\t\t\t\t\t\t\t<p>\u0412\u043b\u0430\u0441\u043d\u0438\u043a \u0440\u0430\u0445\u0443\u043d\u043a\u0443:<\/p><p><strong>Ukrainische Gemeinde e.V.<\/strong><\/p><p>\u00a0<\/p><p>IBAN:<strong> DE53 4804 0035 0671 8068 00<\/strong><\/p><p>BIC:<strong> COBADEFFXXX<\/strong><\/p>\t\t\t\t\t\t\t\t<\/div>\n\t\t\t\t<\/div>\n\t\t\t\t<div class=\"elementor-element elementor-element-ad13dc1 elementor-widget elementor-widget-text-editor\" data-id=\"ad13dc1\" data-element_type=\"widget\" data-e-type=\"widget\" data-widget_type=\"text-editor.default\">\n\t\t\t\t<div class=\"elementor-widget-container\">\n\t\t\t\t\t\t\t\t\t<p>*Ihre Daten werden nur auf den Servern der Commerzbank gespeichert, im Rahmen der \u00fcblichen Kontof\u00fchrung der Commerzbank. Unser Verein speichert ihre Daten bez\u00fcglich Geldspenden nicht.<\/p>\t\t\t\t\t\t\t\t<\/div>\n\t\t\t\t<\/div>\n\t\t\t\t<div class=\"elementor-element elementor-element-198a036 elementor-widget elementor-widget-text-editor\" data-id=\"198a036\" data-element_type=\"widget\" data-e-type=\"widget\" data-widget_type=\"text-editor.default\">\n\t\t\t\t<div class=\"elementor-widget-container\">\n\t\t\t\t\t\t\t\t\t<p>Bitte kontaktieren Sie uns, falls Sie eine Spendenquittung ben\u00f6tigen und wir stellen Ihnen diese gerne aus.<\/p>\t\t\t\t\t\t\t\t<\/div>\n\t\t\t\t<\/div>\n\t\t\t\t\t<\/div>\n\t\t<\/div>\n\t\t\t\t\t<\/div>\n\t\t<\/section>\n\t\t\t\t\t<\/div>\n\t\t<\/div>\n\t\t\t\t\t<\/div>\n\t\t<\/section>\n\t\t\t\t<\/div>","protected":false},"excerpt":{"rendered":"<p>Wie k\u00f6nnen Sie uns unterst\u00fctzen? Sachspenden Wasserentkeimungstabletten Wasserfilter Arzneimittel M\u00fccken- und Zeckenspray Lebensmittel (keine Nudeln und Getreide), Fertiggerichte Haushaltschemikalien Hygieneartikel Feuchtt\u00fccher Windeln f\u00fcr Erwachsene Kinderwindeln 4+ Tierfutter Stromaggregate\/Stromerzeuger (klein) Bettzeug Taschenlampen Erste-Hilfe-K\u00e4sten Campingliegen \/ Feldbetten Schlafs\u00e4cke, Isomatten Kinderkleidung und -schuhe Bei Interesse an Sachspenden nehmen Sie gerne mit uns Kontakt auf. Kontakt Geldspenden Kontoinhaber: Ukrainische [&hellip;]<\/p>\n","protected":false},"author":1,"featured_media":0,"parent":0,"menu_order":0,"comment_status":"closed","ping_status":"closed","template":"","meta":{"_monsterinsights_skip_tracking":false,"_monsterinsights_sitenote_active":false,"_monsterinsights_sitenote_note":"","_monsterinsights_sitenote_category":0,"site-sidebar-layout":"no-sidebar","site-content-layout":"page-builder","ast-site-content-layout":"default","site-content-style":"default","site-sidebar-style":"default","ast-global-header-display":"","ast-banner-title-visibility":"","ast-main-header-display":"","ast-hfb-above-header-display":"","ast-hfb-below-header-display":"","ast-hfb-mobile-header-display":"","site-post-title":"disabled","ast-breadcrumbs-content":"","ast-featured-img":"disabled","footer-sml-layout":"","ast-disable-related-posts":"","theme-transparent-header-meta":"","adv-header-id-meta":"","stick-header-meta":"","header-above-stick-meta":"","header-main-stick-meta":"","header-below-stick-meta":"","astra-migrate-meta-layouts":"default","ast-page-background-enabled":"default","ast-page-background-meta":{"desktop":{"background-color":"var(--ast-global-color-4)","background-image":"","background-repeat":"repeat","background-position":"center center","background-size":"auto","background-attachment":"scroll","background-type":"","background-media":"","overlay-type":"","overlay-color":"","overlay-opacity":"","overlay-gradient":""},"tablet":{"background-color":"","background-image":"","background-repeat":"repeat","background-position":"center center","background-size":"auto","background-attachment":"scroll","background-type":"","background-media":"","overlay-type":"","overlay-color":"","overlay-opacity":"","overlay-gradient":""},"mobile":{"background-color":"","background-image":"","background-repeat":"repeat","background-position":"center center","background-size":"auto","background-attachment":"scroll","background-type":"","background-media":"","overlay-type":"","overlay-color":"","overlay-opacity":"","overlay-gradient":""}},"ast-content-background-meta":{"desktop":{"background-color":"var(--ast-global-color-5)","background-image":"","background-repeat":"repeat","background-position":"center center","background-size":"auto","background-attachment":"scroll","background-type":"","background-media":"","overlay-type":"","overlay-color":"","overlay-opacity":"","overlay-gradient":""},"tablet":{"background-color":"var(--ast-global-color-5)","background-image":"","background-repeat":"repeat","background-position":"center center","background-size":"auto","background-attachment":"scroll","background-type":"","background-media":"","overlay-type":"","overlay-color":"","overlay-opacity":"","overlay-gradient":""},"mobile":{"background-color":"var(--ast-global-color-5)","background-image":"","background-repeat":"repeat","background-position":"center center","background-size":"auto","background-attachment":"scroll","background-type":"","background-media":"","overlay-type":"","overlay-color":"","overlay-opacity":"","overlay-gradient":""}},"footnotes":""},"class_list":["post-1933","page","type-page","status-publish","hentry"],"aioseo_notices":[],"_links":{"self":[{"href":"https:\/\/bug-ev.de\/ua\/wp-json\/wp\/v2\/pages\/1933","targetHints":{"allow":["GET"]}}],"collection":[{"href":"https:\/\/bug-ev.de\/ua\/wp-json\/wp\/v2\/pages"}],"about":[{"href":"https:\/\/bug-ev.de\/ua\/wp-json\/wp\/v2\/types\/page"}],"author":[{"embeddable":true,"href":"https:\/\/bug-ev.de\/ua\/wp-json\/wp\/v2\/users\/1"}],"replies":[{"embeddable":true,"href":"https:\/\/bug-ev.de\/ua\/wp-json\/wp\/v2\/comments?post=1933"}],"version-history":[{"count":36,"href":"https:\/\/bug-ev.de\/ua\/wp-json\/wp\/v2\/pages\/1933\/revisions"}],"predecessor-version":[{"id":2194,"href":"https:\/\/bug-ev.de\/ua\/wp-json\/wp\/v2\/pages\/1933\/revisions\/2194"}],"wp:attachment":[{"href":"https:\/\/bug-ev.de\/ua\/wp-json\/wp\/v2\/media?parent=1933"}],"curies":[{"name":"wp","href":"https:\/\/api.w.org\/{rel}","templated":true}]}}