{"id":1710,"date":"2021-11-21T15:14:19","date_gmt":"2021-11-21T15:14:19","guid":{"rendered":"https:\/\/bug-ev.de\/about\/"},"modified":"2024-10-06T17:53:01","modified_gmt":"2024-10-06T17:53:01","slug":"about","status":"publish","type":"page","link":"https:\/\/bug-ev.de\/ua\/about\/","title":{"rendered":"\u041f\u0440\u043e \u043d\u0430\u0441"},"content":{"rendered":"<div data-elementor-type=\"wp-page\" data-elementor-id=\"1710\" class=\"elementor elementor-1710\">\n\t\t\t\t\t\t<section class=\"elementor-section elementor-top-section elementor-element elementor-element-152d548 elementor-section-boxed elementor-section-height-default elementor-section-height-default\" data-id=\"152d548\" data-element_type=\"section\" data-e-type=\"section\">\n\t\t\t\t\t\t<div class=\"elementor-container elementor-column-gap-default\">\n\t\t\t\t\t<div class=\"elementor-column elementor-col-100 elementor-top-column elementor-element elementor-element-4fbcb37\" data-id=\"4fbcb37\" data-element_type=\"column\" data-e-type=\"column\">\n\t\t\t<div class=\"elementor-widget-wrap elementor-element-populated\">\n\t\t\t\t\t\t<div class=\"elementor-element elementor-element-69a4374 elementor-widget elementor-widget-spacer\" data-id=\"69a4374\" data-element_type=\"widget\" data-e-type=\"widget\" data-widget_type=\"spacer.default\">\n\t\t\t\t<div class=\"elementor-widget-container\">\n\t\t\t\t\t\t\t<div class=\"elementor-spacer\">\n\t\t\t<div class=\"elementor-spacer-inner\"><\/div>\n\t\t<\/div>\n\t\t\t\t\t\t<\/div>\n\t\t\t\t<\/div>\n\t\t\t\t\t<\/div>\n\t\t<\/div>\n\t\t\t\t\t<\/div>\n\t\t<\/section>\n\t\t\t\t<section class=\"elementor-section elementor-top-section elementor-element elementor-element-8433583 elementor-section-boxed elementor-section-height-default elementor-section-height-default\" data-id=\"8433583\" data-element_type=\"section\" data-e-type=\"section\">\n\t\t\t\t\t\t<div class=\"elementor-container elementor-column-gap-default\">\n\t\t\t\t\t<div class=\"elementor-column elementor-col-100 elementor-top-column elementor-element elementor-element-ac38970\" data-id=\"ac38970\" data-element_type=\"column\" data-e-type=\"column\">\n\t\t\t<div class=\"elementor-widget-wrap elementor-element-populated\">\n\t\t\t\t\t\t<div class=\"elementor-element elementor-element-072d612 elementor-widget elementor-widget-heading\" data-id=\"072d612\" data-element_type=\"widget\" data-e-type=\"widget\" data-widget_type=\"heading.default\">\n\t\t\t\t<div class=\"elementor-widget-container\">\n\t\t\t\t\t<h1 class=\"elementor-heading-title elementor-size-default\">\u041f\u0440\u043e \u043d\u0430\u0441<\/h1>\t\t\t\t<\/div>\n\t\t\t\t<\/div>\n\t\t\t\t\t<\/div>\n\t\t<\/div>\n\t\t\t\t\t<\/div>\n\t\t<\/section>\n\t\t\t\t<section class=\"elementor-section elementor-top-section elementor-element elementor-element-78b57c8 elementor-section-boxed elementor-section-height-default elementor-section-height-default\" data-id=\"78b57c8\" data-element_type=\"section\" data-e-type=\"section\">\n\t\t\t\t\t\t<div class=\"elementor-container elementor-column-gap-default\">\n\t\t\t\t\t<div class=\"elementor-column elementor-col-100 elementor-top-column elementor-element elementor-element-d06edbb\" data-id=\"d06edbb\" data-element_type=\"column\" data-e-type=\"column\">\n\t\t\t<div class=\"elementor-widget-wrap elementor-element-populated\">\n\t\t\t\t\t\t<div class=\"elementor-element elementor-element-7516db6 elementor-widget elementor-widget-text-editor\" data-id=\"7516db6\" data-element_type=\"widget\" data-e-type=\"widget\" data-widget_type=\"text-editor.default\">\n\t\t\t\t<div class=\"elementor-widget-container\">\n\t\t\t\t\t\t\t\t\t<p>\u0422\u043e\u0432\u0430\u0440\u0438\u0441\u0442\u0432\u043e \"\u0423\u043a\u0440\u0430\u0457\u043d\u0441\u044c\u043a\u0430 \u0433\u0440\u043e\u043c\u0430\u0434\u0430 \u0411\u0456\u043b\u0435\u0444\u0435\u043b\u044c\u0434\u0430\" \u0431\u0443\u043b\u043e \u0437\u0430\u0441\u043d\u043e\u0432\u0430\u043d\u0435 \u0443 \u0433\u0440\u0443\u0434\u043d\u0456 2022 \u0440\u043e\u043a\u0443 \u0433\u0440\u0443\u043f\u043e\u044e \u0443\u043a\u0440\u0430\u0457\u043d\u0446\u0456\u0432 \u0443 \u0437\u0432'\u044f\u0437\u043a\u0443 \u0437 \u0440\u043e\u0441\u0456\u0439\u0441\u044c\u043a\u043e\u044e \u0430\u0433\u0440\u0435\u0441\u0456\u0454\u044e \u043f\u0440\u043e\u0442\u0438 \u0423\u043a\u0440\u0430\u0457\u043d\u0438.\u00a0<\/p>\t\t\t\t\t\t\t\t<\/div>\n\t\t\t\t<\/div>\n\t\t\t\t\t<\/div>\n\t\t<\/div>\n\t\t\t\t\t<\/div>\n\t\t<\/section>\n\t\t\t\t<section class=\"elementor-section elementor-top-section elementor-element elementor-element-39889ea elementor-section-boxed elementor-section-height-default elementor-section-height-default\" data-id=\"39889ea\" data-element_type=\"section\" data-e-type=\"section\">\n\t\t\t\t\t\t<div class=\"elementor-container elementor-column-gap-default\">\n\t\t\t\t\t<div class=\"elementor-column elementor-col-100 elementor-top-column elementor-element elementor-element-6c74e72\" data-id=\"6c74e72\" data-element_type=\"column\" data-e-type=\"column\">\n\t\t\t<div class=\"elementor-widget-wrap elementor-element-populated\">\n\t\t\t\t\t\t<section class=\"elementor-section elementor-inner-section elementor-element elementor-element-b7b5303 elementor-section-boxed elementor-section-height-default elementor-section-height-default\" data-id=\"b7b5303\" data-element_type=\"section\" data-e-type=\"section\">\n\t\t\t\t\t\t<div class=\"elementor-container elementor-column-gap-default\">\n\t\t\t\t\t<div class=\"elementor-column elementor-col-50 elementor-inner-column elementor-element elementor-element-65bea59\" data-id=\"65bea59\" data-element_type=\"column\" data-e-type=\"column\">\n\t\t\t<div class=\"elementor-widget-wrap elementor-element-populated\">\n\t\t\t\t\t\t<div class=\"elementor-element elementor-element-f8e0e30 elementor-widget elementor-widget-heading\" data-id=\"f8e0e30\" data-element_type=\"widget\" data-e-type=\"widget\" data-widget_type=\"heading.default\">\n\t\t\t\t<div class=\"elementor-widget-container\">\n\t\t\t\t\t<h2 class=\"elementor-heading-title elementor-size-default\">\u041c\u0438 \u0437\u043e\u0441\u0435\u0440\u0435\u0434\u0436\u0435\u043d\u0456 \u043d\u0430 ...<\/h2>\t\t\t\t<\/div>\n\t\t\t\t<\/div>\n\t\t\t\t\t<\/div>\n\t\t<\/div>\n\t\t\t\t<div class=\"elementor-column elementor-col-50 elementor-inner-column elementor-element elementor-element-4471f9d\" data-id=\"4471f9d\" data-element_type=\"column\" data-e-type=\"column\">\n\t\t\t<div class=\"elementor-widget-wrap elementor-element-populated\">\n\t\t\t\t\t\t<div class=\"elementor-element elementor-element-554dc26 elementor-widget elementor-widget-text-editor\" data-id=\"554dc26\" data-element_type=\"widget\" data-e-type=\"widget\" data-widget_type=\"text-editor.default\">\n\t\t\t\t<div class=\"elementor-widget-container\">\n\t\t\t\t\t\t\t\t\t<ul><li>\u0437\u0431\u043b\u0438\u0437\u0438\u0442\u0438 \u0423\u043a\u0440\u0430\u0457\u043d\u0443, \u0457\u0457 \u043d\u0430\u0440\u043e\u0434 \u0442\u0430 \u043a\u0443\u043b\u044c\u0442\u0443\u0440\u0443 \u0437 \u043b\u044e\u0434\u044c\u043c\u0438 \u0432 \u041d\u0456\u043c\u0435\u0447\u0447\u0438\u043d\u0456<\/li><li>\u041f\u0456\u0434\u0442\u0440\u0438\u043c\u043a\u0430 \u043f\u0435\u0440\u0435\u043c\u0456\u0449\u0435\u043d\u0438\u0445 \u043e\u0441\u0456\u0431 \u0442\u0430 \u0436\u0435\u0440\u0442\u0432 \u0432\u0456\u0439\u043d\u0438 \u0443 \u043f\u0438\u0442\u0430\u043d\u043d\u044f\u0445 \u0441\u043e\u0446\u0456\u0430\u043b\u044c\u043d\u043e\u0457 \u0456\u043d\u0442\u0435\u0433\u0440\u0430\u0446\u0456\u0457<\/li><li>\u043d\u0430\u0434\u0430\u0432\u0430\u0442\u0438 \u0441\u0442\u0430\u043b\u0443 \u0433\u0443\u043c\u0430\u043d\u0456\u0442\u0430\u0440\u043d\u0443 \u0434\u043e\u043f\u043e\u043c\u043e\u0433\u0443<\/li><li>\u041f\u0440\u043e\u0432\u043e\u0434\u0438\u0442\u0438 \u0456\u043d\u0444\u043e\u0440\u043c\u0430\u0446\u0456\u0439\u043d\u043e-\u043f\u0440\u043e\u0441\u0432\u0456\u0442\u043d\u0438\u0446\u044c\u043a\u0443 \u0440\u043e\u0431\u043e\u0442\u0443 \u0437 \u0434\u0456\u0442\u044c\u043c\u0438 \u0442\u0430 \u043c\u043e\u043b\u043e\u0434\u0434\u044e<\/li><\/ul>\t\t\t\t\t\t\t\t<\/div>\n\t\t\t\t<\/div>\n\t\t\t\t\t<\/div>\n\t\t<\/div>\n\t\t\t\t\t<\/div>\n\t\t<\/section>\n\t\t\t\t\t<\/div>\n\t\t<\/div>\n\t\t\t\t\t<\/div>\n\t\t<\/section>\n\t\t\t\t<section class=\"elementor-section elementor-top-section elementor-element elementor-element-68986bd3 elementor-section-content-middle elementor-section-boxed elementor-section-height-default elementor-section-height-default\" data-id=\"68986bd3\" data-element_type=\"section\" data-e-type=\"section\">\n\t\t\t\t\t\t<div class=\"elementor-container elementor-column-gap-no\">\n\t\t\t\t\t<div class=\"elementor-column elementor-col-50 elementor-top-column elementor-element elementor-element-298c876b\" data-id=\"298c876b\" data-element_type=\"column\" data-e-type=\"column\">\n\t\t\t<div class=\"elementor-widget-wrap elementor-element-populated\">\n\t\t\t\t\t\t<div class=\"elementor-element elementor-element-70f3e692 elementor-widget elementor-widget-image\" data-id=\"70f3e692\" data-element_type=\"widget\" data-e-type=\"widget\" data-widget_type=\"image.default\">\n\t\t\t\t<div class=\"elementor-widget-container\">\n\t\t\t\t\t\t\t\t\t\t\t\t\t\t\t<img fetchpriority=\"high\" decoding=\"async\" width=\"2560\" height=\"1920\" src=\"https:\/\/bug-ev.de\/wp-content\/uploads\/2024\/10\/IMG_1387-scaled.jpeg\" class=\"attachment-full size-full wp-image-2590\" alt=\"\" srcset=\"https:\/\/bug-ev.de\/wp-content\/uploads\/2024\/10\/IMG_1387-scaled.jpeg 2560w, https:\/\/bug-ev.de\/wp-content\/uploads\/2024\/10\/IMG_1387-300x225.jpeg 300w, https:\/\/bug-ev.de\/wp-content\/uploads\/2024\/10\/IMG_1387-1024x768.jpeg 1024w, https:\/\/bug-ev.de\/wp-content\/uploads\/2024\/10\/IMG_1387-768x576.jpeg 768w, https:\/\/bug-ev.de\/wp-content\/uploads\/2024\/10\/IMG_1387-1536x1152.jpeg 1536w, https:\/\/bug-ev.de\/wp-content\/uploads\/2024\/10\/IMG_1387-2048x1536.jpeg 2048w, https:\/\/bug-ev.de\/wp-content\/uploads\/2024\/10\/IMG_1387-16x12.jpeg 16w\" sizes=\"(max-width: 2560px) 100vw, 2560px\" \/>\t\t\t\t\t\t\t\t\t\t\t\t\t\t\t<\/div>\n\t\t\t\t<\/div>\n\t\t\t\t\t<\/div>\n\t\t<\/div>\n\t\t\t\t<div class=\"elementor-column elementor-col-50 elementor-top-column elementor-element elementor-element-1c1d1fd\" data-id=\"1c1d1fd\" data-element_type=\"column\" data-e-type=\"column\">\n\t\t\t<div class=\"elementor-widget-wrap elementor-element-populated\">\n\t\t\t\t\t\t<div class=\"elementor-element elementor-element-22243f7f elementor-widget elementor-widget-text-editor\" data-id=\"22243f7f\" data-element_type=\"widget\" data-e-type=\"widget\" data-widget_type=\"text-editor.default\">\n\t\t\t\t<div class=\"elementor-widget-container\">\n\t\t\t\t\t\t\t\t\t<p>01.12.2023 \u2013 \u041d\u0430\u0448\u0456 \u0447\u043b\u0435\u043d\u0438 \u0441\u043f\u0456\u043b\u043a\u0438 \u0431\u0435\u0440\u0443\u0442\u044c \u0443\u0447\u0430\u0441\u0442\u044c \u0443 \u043a\u043e\u043d\u0444\u0435\u0440\u0435\u043d\u0446\u0456\u0457 \u043c\u0456\u0433\u0440\u0430\u043d\u0442\u0441\u044c\u043a\u0438\u0445 \u043e\u0440\u0433\u0430\u043d\u0456\u0437\u0430\u0446\u0456\u0439 \u0443 \u0447\u0430\u0441\u0438 \u043f\u043e\u0442\u0440\u044f\u0441\u0456\u043d\u044c, \u0449\u043e \u043f\u0440\u043e\u0445\u043e\u0434\u0438\u043b\u0430 \u0443 \u041d\u043e\u0432\u0456\u0439 \u0420\u0430\u0442\u0443\u0448\u0456 \u0432 \u0411\u0456\u043b\u0435\u0444\u0435\u043b\u044c\u0434\u0456.<\/p>\t\t\t\t\t\t\t\t<\/div>\n\t\t\t\t<\/div>\n\t\t\t\t\t<\/div>\n\t\t<\/div>\n\t\t\t\t\t<\/div>\n\t\t<\/section>\n\t\t\t\t<\/div>","protected":false},"excerpt":{"rendered":"<p>\u00dcber uns Die Bielefelder Ukrainische Gemeinschaft e.V. wurde im Dezember 2022 von einer Gruppe UkrainerInnen im Zuge der russischen Aggression gegen die Ukraine gegr\u00fcndet.\u00a0 Unsere Fokus liegt darauf, &#8230; die Ukraine, ihr Volk und ihre Kultur den Menschen in Deutschland n\u00e4her zu bringen Fl\u00fcchtlinge, Vertriebene und Kriegsopfer in Fragen gesellschaftlicher Integration zu unterst\u00fctzen nachhaltige humanit\u00e4re [&hellip;]<\/p>\n","protected":false},"author":1,"featured_media":0,"parent":0,"menu_order":0,"comment_status":"closed","ping_status":"closed","template":"","meta":{"_monsterinsights_skip_tracking":false,"_monsterinsights_sitenote_active":false,"_monsterinsights_sitenote_note":"","_monsterinsights_sitenote_category":0,"site-sidebar-layout":"no-sidebar","site-content-layout":"page-builder","ast-site-content-layout":"default","site-content-style":"default","site-sidebar-style":"default","ast-global-header-display":"","ast-banner-title-visibility":"","ast-main-header-display":"","ast-hfb-above-header-display":"","ast-hfb-below-header-display":"","ast-hfb-mobile-header-display":"","site-post-title":"disabled","ast-breadcrumbs-content":"","ast-featured-img":"disabled","footer-sml-layout":"","ast-disable-related-posts":"","theme-transparent-header-meta":"enabled","adv-header-id-meta":"","stick-header-meta":"","header-above-stick-meta":"","header-main-stick-meta":"","header-below-stick-meta":"","astra-migrate-meta-layouts":"default","ast-page-background-enabled":"default","ast-page-background-meta":{"desktop":{"background-color":"var(--ast-global-color-4)","background-image":"","background-repeat":"repeat","background-position":"center center","background-size":"auto","background-attachment":"scroll","background-type":"","background-media":"","overlay-type":"","overlay-color":"","overlay-opacity":"","overlay-gradient":""},"tablet":{"background-color":"","background-image":"","background-repeat":"repeat","background-position":"center center","background-size":"auto","background-attachment":"scroll","background-type":"","background-media":"","overlay-type":"","overlay-color":"","overlay-opacity":"","overlay-gradient":""},"mobile":{"background-color":"","background-image":"","background-repeat":"repeat","background-position":"center center","background-size":"auto","background-attachment":"scroll","background-type":"","background-media":"","overlay-type":"","overlay-color":"","overlay-opacity":"","overlay-gradient":""}},"ast-content-background-meta":{"desktop":{"background-color":"var(--ast-global-color-5)","background-image":"","background-repeat":"repeat","background-position":"center center","background-size":"auto","background-attachment":"scroll","background-type":"","background-media":"","overlay-type":"","overlay-color":"","overlay-opacity":"","overlay-gradient":""},"tablet":{"background-color":"var(--ast-global-color-5)","background-image":"","background-repeat":"repeat","background-position":"center center","background-size":"auto","background-attachment":"scroll","background-type":"","background-media":"","overlay-type":"","overlay-color":"","overlay-opacity":"","overlay-gradient":""},"mobile":{"background-color":"var(--ast-global-color-5)","background-image":"","background-repeat":"repeat","background-position":"center center","background-size":"auto","background-attachment":"scroll","background-type":"","background-media":"","overlay-type":"","overlay-color":"","overlay-opacity":"","overlay-gradient":""}},"footnotes":""},"class_list":["post-1710","page","type-page","status-publish","hentry"],"aioseo_notices":[],"_links":{"self":[{"href":"https:\/\/bug-ev.de\/ua\/wp-json\/wp\/v2\/pages\/1710","targetHints":{"allow":["GET"]}}],"collection":[{"href":"https:\/\/bug-ev.de\/ua\/wp-json\/wp\/v2\/pages"}],"about":[{"href":"https:\/\/bug-ev.de\/ua\/wp-json\/wp\/v2\/types\/page"}],"author":[{"embeddable":true,"href":"https:\/\/bug-ev.de\/ua\/wp-json\/wp\/v2\/users\/1"}],"replies":[{"embeddable":true,"href":"https:\/\/bug-ev.de\/ua\/wp-json\/wp\/v2\/comments?post=1710"}],"version-history":[{"count":57,"href":"https:\/\/bug-ev.de\/ua\/wp-json\/wp\/v2\/pages\/1710\/revisions"}],"predecessor-version":[{"id":2614,"href":"https:\/\/bug-ev.de\/ua\/wp-json\/wp\/v2\/pages\/1710\/revisions\/2614"}],"wp:attachment":[{"href":"https:\/\/bug-ev.de\/ua\/wp-json\/wp\/v2\/media?parent=1710"}],"curies":[{"name":"wp","href":"https:\/\/api.w.org\/{rel}","templated":true}]}}